{"id":18,"date":"2023-03-31T04:00:29","date_gmt":"2023-03-31T02:00:29","guid":{"rendered":"http:\/\/www.rdvsorine.fr\/?post_type=product&#038;p=18"},"modified":"2025-12-01T16:50:56","modified_gmt":"2025-12-01T15:50:56","slug":"chemin-des-potentiels","status":"publish","type":"product","link":"https:\/\/www.rdvsorine.fr\/index.php\/produit\/chemin-des-potentiels\/","title":{"rendered":"-Chemin des potentiels-"},"content":{"rendered":"<p>Par la voyance je vous propose un \u00e9tat des lieux sur votre vie le pass\u00e9 le pr\u00e9sent et le futur.<\/p>\n<p>Je pr\u00e9f\u00e8re l&rsquo;appeler chemin des potentiels car finalement c&rsquo;est une vision des potentiels que je vous propose.<\/p>\n<p>Une vision de ce qu&rsquo;il va se passer si vous restez dans la m\u00eame dynamique et aussi ce qu&rsquo;il vous ai possible de changer et dans quelle autre voie vous pourriez aller.<\/p>\n<p>Je crois au libre arbitre mais il y a aussi des choses qui sont fig\u00e9es sur notre route.<\/p>\n<p><i><b>C&rsquo;est en fonction des d\u00e9cisions que l&rsquo;on prend dans le pr\u00e9sent que l&rsquo;on dessine notre futur.<\/b><\/i><\/p>\n<p>J&rsquo;ai constat\u00e9 qu&rsquo;il y a peu de choses fig\u00e9es \u00e7a peut arriver mais c&rsquo;est rare.<\/p>\n<p>Pour la voyance je me connecte \u00e0 vos guides qui sont l\u00e0 pour m&rsquo;aider \u00e0 r\u00e9pondre \u00e0 vos interrogations.<\/p>\n","protected":false},"excerpt":{"rendered":"<p>Merci de visionner cette vid\u00e9o qui vous explique comment va se passer votre s\u00e9ance <\/p>\n[video width=\"540\" height=\"360\" mp4=\"http:\/\/www.rdvsorine.fr\/wp-content\/uploads\/2023\/03\/chemin-des-potentiels.mp4\"][\/video]\n<p>Cette consultation vous am\u00e8ne \u00e0 avoir une vision de vos potentiels comme une voyance mais avec une notion plus claire du libre arbitre.<\/p>\n<p>Dur\u00e9e: 45min<\/p>\n","protected":false},"featured_media":16,"comment_status":"open","ping_status":"closed","template":"","meta":[],"product_cat":[15],"product_tag":[],"class_list":{"0":"post-18","1":"product","2":"type-product","3":"status-publish","4":"has-post-thumbnail","6":"product_cat-non-classe","8":"first","9":"instock","10":"shipping-taxable","11":"purchasable","12":"product-type-simple"},"_links":{"self":[{"href":"https:\/\/www.rdvsorine.fr\/index.php\/wp-json\/wp\/v2\/product\/18","targetHints":{"allow":["GET"]}}],"collection":[{"href":"https:\/\/www.rdvsorine.fr\/index.php\/wp-json\/wp\/v2\/product"}],"about":[{"href":"https:\/\/www.rdvsorine.fr\/index.php\/wp-json\/wp\/v2\/types\/product"}],"replies":[{"embeddable":true,"href":"https:\/\/www.rdvsorine.fr\/index.php\/wp-json\/wp\/v2\/comments?post=18"}],"wp:featuredmedia":[{"embeddable":true,"href":"https:\/\/www.rdvsorine.fr\/index.php\/wp-json\/wp\/v2\/media\/16"}],"wp:attachment":[{"href":"https:\/\/www.rdvsorine.fr\/index.php\/wp-json\/wp\/v2\/media?parent=18"}],"wp:term":[{"taxonomy":"product_cat","embeddable":true,"href":"https:\/\/www.rdvsorine.fr\/index.php\/wp-json\/wp\/v2\/product_cat?post=18"},{"taxonomy":"product_tag","embeddable":true,"href":"https:\/\/www.rdvsorine.fr\/index.php\/wp-json\/wp\/v2\/product_tag?post=18"}],"curies":[{"name":"wp","href":"https:\/\/api.w.org\/{rel}","templated":true}]}}